{"id":88,"date":"2011-01-30T19:05:58","date_gmt":"2011-01-30T19:05:58","guid":{"rendered":"http:\/\/bedmarcoach.wordpress.com\/?page_id=88"},"modified":"2023-10-10T10:51:39","modified_gmt":"2023-10-10T10:51:39","slug":"sobre-paco-bedmar","status":"publish","type":"page","link":"https:\/\/ayudaestresyansiedad.com\/index.php\/sobre-paco-bedmar\/","title":{"rendered":"Sobre Paco B\u00e9dmar"},"content":{"rendered":"<div class=\"wp-block-image is-style-rounded\">\n<figure class=\"alignright size-full\" id=\"Contacto-Paco\"><img loading=\"lazy\" decoding=\"async\" width=\"400\" height=\"400\" src=\"http:\/\/ayudaestresyansiedad.com\/wp-content\/uploads\/2023\/07\/Logotipo-paco-Bedmar-2.png\" alt=\"Paco B\u00e9dmar\" class=\"wp-image-390\" title=\"Paco te puede ayudar a gestionar y reducir el estr\u00e9s y la ansiedad\" srcset=\"https:\/\/ayudaestresyansiedad.com\/wp-content\/uploads\/2023\/07\/Logotipo-paco-Bedmar-2.png 400w, https:\/\/ayudaestresyansiedad.com\/wp-content\/uploads\/2023\/07\/Logotipo-paco-Bedmar-2-300x300.png 300w, https:\/\/ayudaestresyansiedad.com\/wp-content\/uploads\/2023\/07\/Logotipo-paco-Bedmar-2-150x150.png 150w, https:\/\/ayudaestresyansiedad.com\/wp-content\/uploads\/2023\/07\/Logotipo-paco-Bedmar-2-60x60.png 60w\" sizes=\"auto, (max-width: 400px) 100vw, 400px\" \/><\/figure><\/div>\n\n\n<p class=\"has-text-color\" style=\"color:#0097b2\"><strong>\u201cMe apasiona acompa\u00f1ar a las personas y las organizaciones en su camino hacia el \u00e9xito, potenciando su talento y competencias\u201d<\/strong>.<\/p>\n\n\n\n<p>Consultor y asesor en Direcci\u00f3n y Desarrollo de Personas en varias organizaciones. Compatibilizo esta actividad con la de Coach ejecutivo y de equipos especializado en desarrollo de competencias, habilidades directivas, direcci\u00f3n estrat\u00e9gica y cambio cultural, disciplina en la que he sido profesor asociado en la Universidad de Huelva. <\/p>\n\n\n\n<p>Desde 2002 soy Coach Senior Certificado por ASESCO, cuento con m\u00e1s de 2.700 horas como Coach ejecutivo y 500 de Coaching de equipos.<\/p>\n\n\n\n<p>He desempe\u00f1ado puestos de alta direcci\u00f3n como consejero, director general y director de RRHH durante 20 a\u00f1os en empresas de diversos sectores.<\/p>\n\n\n\n<p>He dirigido programas de formaci\u00f3n de Experto en Coaching y Cursos de verano en la Universidad Internacional de Andaluc\u00eda, y he participado como docente en programas de varias universidades y escuelas de negocio.<\/p>\n\n\n\n<p>Si quieres contactar directamente conmigo, rellena el formulario y me pondr\u00e9 en contacto lo antes posible.<\/p>\n\n\n\n<p>Gracias.<\/p>\n","protected":false},"excerpt":{"rendered":"<p>Te ayudo a gestionar y reducir el estr\u00e9s y la ansiedad. Mediante sesiones o talleres de Mindfulness y Coaching en grupo o individual.<br \/>\nSi quieres contactar directamente conmigo, lo puedes hacer llamando por tel\u00e9fono al +34 622680657\u00a0 o bien enviarme un email a bedmarcoach@gmail.com\u00a0te contestar\u00e9 encantado.<\/p>\n","protected":false},"author":1,"featured_media":0,"parent":0,"menu_order":0,"comment_status":"closed","ping_status":"open","template":"","meta":{"footnotes":""},"class_list":["post-88","page","type-page","status-publish","hentry"],"yoast_head":"<!-- This site is optimized with the Yoast SEO plugin v25.0 - https:\/\/yoast.com\/wordpress\/plugins\/seo\/ -->\n<title>Coaching ejecutivo en Madrid - Paco Bedmar<\/title>\n<meta name=\"description\" content=\"Coaching ejecutivo en Madrid. Te acompa\u00f1o a conseguir tus objetivos y potenciar tus competencias. Con coaching ejecutivo, personal o de equipos. \u00a1Llama ahora!\" \/>\n<meta name=\"robots\" content=\"index, follow, max-snippet:-1, max-image-preview:large, max-video-preview:-1\" \/>\n<link rel=\"canonical\" href=\"https:\/\/ayudaestresyansiedad.com\/index.php\/sobre-paco-bedmar\/\" \/>\n<meta property=\"og:locale\" content=\"es_ES\" \/>\n<meta property=\"og:type\" content=\"article\" \/>\n<meta property=\"og:title\" content=\"Coaching ejecutivo en Madrid - Paco Bedmar\" \/>\n<meta property=\"og:description\" content=\"Coaching ejecutivo en Madrid. Te acompa\u00f1o a conseguir tus objetivos y potenciar tus competencias. Con coaching ejecutivo, personal o de equipos. \u00a1Llama ahora!\" \/>\n<meta property=\"og:url\" content=\"https:\/\/ayudaestresyansiedad.com\/index.php\/sobre-paco-bedmar\/\" \/>\n<meta property=\"og:site_name\" content=\"PACO BEDMAR\" \/>\n<meta property=\"article:modified_time\" content=\"2023-10-10T10:51:39+00:00\" \/>\n<meta property=\"og:image\" content=\"http:\/\/ayudaestresyansiedad.com\/wp-content\/uploads\/2023\/07\/Logotipo-paco-Bedmar-2.png\" \/>\n<meta name=\"twitter:card\" content=\"summary_large_image\" \/>\n<meta name=\"twitter:site\" content=\"@BedmarCoach\" \/>\n<meta name=\"twitter:label1\" content=\"Tiempo de lectura\" \/>\n\t<meta name=\"twitter:data1\" content=\"1 minuto\" \/>\n<script type=\"application\/ld+json\" class=\"yoast-schema-graph\">{\"@context\":\"https:\/\/schema.org\",\"@graph\":[{\"@type\":\"WebPage\",\"@id\":\"https:\/\/ayudaestresyansiedad.com\/index.php\/sobre-paco-bedmar\/\",\"url\":\"https:\/\/ayudaestresyansiedad.com\/index.php\/sobre-paco-bedmar\/\",\"name\":\"Coaching ejecutivo en Madrid - Paco Bedmar\",\"isPartOf\":{\"@id\":\"https:\/\/ayudaestresyansiedad.com\/#website\"},\"primaryImageOfPage\":{\"@id\":\"https:\/\/ayudaestresyansiedad.com\/index.php\/sobre-paco-bedmar\/#primaryimage\"},\"image\":{\"@id\":\"https:\/\/ayudaestresyansiedad.com\/index.php\/sobre-paco-bedmar\/#primaryimage\"},\"thumbnailUrl\":\"http:\/\/ayudaestresyansiedad.com\/wp-content\/uploads\/2023\/07\/Logotipo-paco-Bedmar-2.png\",\"datePublished\":\"2011-01-30T19:05:58+00:00\",\"dateModified\":\"2023-10-10T10:51:39+00:00\",\"description\":\"Coaching ejecutivo en Madrid. Te acompa\u00f1o a conseguir tus objetivos y potenciar tus competencias. Con coaching ejecutivo, personal o de equipos. \u00a1Llama ahora!\",\"breadcrumb\":{\"@id\":\"https:\/\/ayudaestresyansiedad.com\/index.php\/sobre-paco-bedmar\/#breadcrumb\"},\"inLanguage\":\"es\",\"potentialAction\":[{\"@type\":\"ReadAction\",\"target\":[\"https:\/\/ayudaestresyansiedad.com\/index.php\/sobre-paco-bedmar\/\"]}]},{\"@type\":\"ImageObject\",\"inLanguage\":\"es\",\"@id\":\"https:\/\/ayudaestresyansiedad.com\/index.php\/sobre-paco-bedmar\/#primaryimage\",\"url\":\"http:\/\/ayudaestresyansiedad.com\/wp-content\/uploads\/2023\/07\/Logotipo-paco-Bedmar-2.png\",\"contentUrl\":\"http:\/\/ayudaestresyansiedad.com\/wp-content\/uploads\/2023\/07\/Logotipo-paco-Bedmar-2.png\"},{\"@type\":\"BreadcrumbList\",\"@id\":\"https:\/\/ayudaestresyansiedad.com\/index.php\/sobre-paco-bedmar\/#breadcrumb\",\"itemListElement\":[{\"@type\":\"ListItem\",\"position\":1,\"name\":\"INICIO\",\"item\":\"https:\/\/ayudaestresyansiedad.com\/\"},{\"@type\":\"ListItem\",\"position\":2,\"name\":\"Sobre Paco B\u00e9dmar\"}]},{\"@type\":\"WebSite\",\"@id\":\"https:\/\/ayudaestresyansiedad.com\/#website\",\"url\":\"https:\/\/ayudaestresyansiedad.com\/\",\"name\":\"PACO BEDMAR\",\"description\":\"SUE\u00d1A, ACT\u00daA... CONSIGUE TUS OBJETIVOS\",\"publisher\":{\"@id\":\"https:\/\/ayudaestresyansiedad.com\/#\/schema\/person\/d07ed3c273dddfd14b3d692c1b67bce1\"},\"alternateName\":\"Coaching profesional en Madrid\",\"potentialAction\":[{\"@type\":\"SearchAction\",\"target\":{\"@type\":\"EntryPoint\",\"urlTemplate\":\"https:\/\/ayudaestresyansiedad.com\/?s={search_term_string}\"},\"query-input\":{\"@type\":\"PropertyValueSpecification\",\"valueRequired\":true,\"valueName\":\"search_term_string\"}}],\"inLanguage\":\"es\"},{\"@type\":[\"Person\",\"Organization\"],\"@id\":\"https:\/\/ayudaestresyansiedad.com\/#\/schema\/person\/d07ed3c273dddfd14b3d692c1b67bce1\",\"name\":\"Paco B\u00e9dmar\",\"image\":{\"@type\":\"ImageObject\",\"inLanguage\":\"es\",\"@id\":\"https:\/\/ayudaestresyansiedad.com\/#\/schema\/person\/image\/\",\"url\":\"https:\/\/ayudaestresyansiedad.com\/wp-content\/uploads\/2023\/03\/1658761370604.jpg\",\"contentUrl\":\"https:\/\/ayudaestresyansiedad.com\/wp-content\/uploads\/2023\/03\/1658761370604.jpg\",\"width\":800,\"height\":800,\"caption\":\"Paco B\u00e9dmar\"},\"logo\":{\"@id\":\"https:\/\/ayudaestresyansiedad.com\/#\/schema\/person\/image\/\"},\"sameAs\":[\"http:\/\/ayudaestresyansiedad.com\",\"https:\/\/www.linkedin.com\/in\/franciscobedmarcruz\/\",\"https:\/\/x.com\/BedmarCoach\",\"https:\/\/www.youtube.com\/channel\/UCF0wNJbFTUay-id7NfRpOPA\"]}]}<\/script>\n<!-- \/ Yoast SEO plugin. -->","yoast_head_json":{"title":"Coaching ejecutivo en Madrid - Paco Bedmar","description":"Coaching ejecutivo en Madrid. Te acompa\u00f1o a conseguir tus objetivos y potenciar tus competencias. Con coaching ejecutivo, personal o de equipos. \u00a1Llama ahora!","robots":{"index":"index","follow":"follow","max-snippet":"max-snippet:-1","max-image-preview":"max-image-preview:large","max-video-preview":"max-video-preview:-1"},"canonical":"https:\/\/ayudaestresyansiedad.com\/index.php\/sobre-paco-bedmar\/","og_locale":"es_ES","og_type":"article","og_title":"Coaching ejecutivo en Madrid - Paco Bedmar","og_description":"Coaching ejecutivo en Madrid. Te acompa\u00f1o a conseguir tus objetivos y potenciar tus competencias. Con coaching ejecutivo, personal o de equipos. \u00a1Llama ahora!","og_url":"https:\/\/ayudaestresyansiedad.com\/index.php\/sobre-paco-bedmar\/","og_site_name":"PACO BEDMAR","article_modified_time":"2023-10-10T10:51:39+00:00","og_image":[{"url":"http:\/\/ayudaestresyansiedad.com\/wp-content\/uploads\/2023\/07\/Logotipo-paco-Bedmar-2.png","type":"","width":"","height":""}],"twitter_card":"summary_large_image","twitter_site":"@BedmarCoach","twitter_misc":{"Tiempo de lectura":"1 minuto"},"schema":{"@context":"https:\/\/schema.org","@graph":[{"@type":"WebPage","@id":"https:\/\/ayudaestresyansiedad.com\/index.php\/sobre-paco-bedmar\/","url":"https:\/\/ayudaestresyansiedad.com\/index.php\/sobre-paco-bedmar\/","name":"Coaching ejecutivo en Madrid - Paco Bedmar","isPartOf":{"@id":"https:\/\/ayudaestresyansiedad.com\/#website"},"primaryImageOfPage":{"@id":"https:\/\/ayudaestresyansiedad.com\/index.php\/sobre-paco-bedmar\/#primaryimage"},"image":{"@id":"https:\/\/ayudaestresyansiedad.com\/index.php\/sobre-paco-bedmar\/#primaryimage"},"thumbnailUrl":"http:\/\/ayudaestresyansiedad.com\/wp-content\/uploads\/2023\/07\/Logotipo-paco-Bedmar-2.png","datePublished":"2011-01-30T19:05:58+00:00","dateModified":"2023-10-10T10:51:39+00:00","description":"Coaching ejecutivo en Madrid. Te acompa\u00f1o a conseguir tus objetivos y potenciar tus competencias. Con coaching ejecutivo, personal o de equipos. \u00a1Llama ahora!","breadcrumb":{"@id":"https:\/\/ayudaestresyansiedad.com\/index.php\/sobre-paco-bedmar\/#breadcrumb"},"inLanguage":"es","potentialAction":[{"@type":"ReadAction","target":["https:\/\/ayudaestresyansiedad.com\/index.php\/sobre-paco-bedmar\/"]}]},{"@type":"ImageObject","inLanguage":"es","@id":"https:\/\/ayudaestresyansiedad.com\/index.php\/sobre-paco-bedmar\/#primaryimage","url":"http:\/\/ayudaestresyansiedad.com\/wp-content\/uploads\/2023\/07\/Logotipo-paco-Bedmar-2.png","contentUrl":"http:\/\/ayudaestresyansiedad.com\/wp-content\/uploads\/2023\/07\/Logotipo-paco-Bedmar-2.png"},{"@type":"BreadcrumbList","@id":"https:\/\/ayudaestresyansiedad.com\/index.php\/sobre-paco-bedmar\/#breadcrumb","itemListElement":[{"@type":"ListItem","position":1,"name":"INICIO","item":"https:\/\/ayudaestresyansiedad.com\/"},{"@type":"ListItem","position":2,"name":"Sobre Paco B\u00e9dmar"}]},{"@type":"WebSite","@id":"https:\/\/ayudaestresyansiedad.com\/#website","url":"https:\/\/ayudaestresyansiedad.com\/","name":"PACO BEDMAR","description":"SUE\u00d1A, ACT\u00daA... CONSIGUE TUS OBJETIVOS","publisher":{"@id":"https:\/\/ayudaestresyansiedad.com\/#\/schema\/person\/d07ed3c273dddfd14b3d692c1b67bce1"},"alternateName":"Coaching profesional en Madrid","potentialAction":[{"@type":"SearchAction","target":{"@type":"EntryPoint","urlTemplate":"https:\/\/ayudaestresyansiedad.com\/?s={search_term_string}"},"query-input":{"@type":"PropertyValueSpecification","valueRequired":true,"valueName":"search_term_string"}}],"inLanguage":"es"},{"@type":["Person","Organization"],"@id":"https:\/\/ayudaestresyansiedad.com\/#\/schema\/person\/d07ed3c273dddfd14b3d692c1b67bce1","name":"Paco B\u00e9dmar","image":{"@type":"ImageObject","inLanguage":"es","@id":"https:\/\/ayudaestresyansiedad.com\/#\/schema\/person\/image\/","url":"https:\/\/ayudaestresyansiedad.com\/wp-content\/uploads\/2023\/03\/1658761370604.jpg","contentUrl":"https:\/\/ayudaestresyansiedad.com\/wp-content\/uploads\/2023\/03\/1658761370604.jpg","width":800,"height":800,"caption":"Paco B\u00e9dmar"},"logo":{"@id":"https:\/\/ayudaestresyansiedad.com\/#\/schema\/person\/image\/"},"sameAs":["http:\/\/ayudaestresyansiedad.com","https:\/\/www.linkedin.com\/in\/franciscobedmarcruz\/","https:\/\/x.com\/BedmarCoach","https:\/\/www.youtube.com\/channel\/UCF0wNJbFTUay-id7NfRpOPA"]}]}},"_links":{"self":[{"href":"https:\/\/ayudaestresyansiedad.com\/index.php\/wp-json\/wp\/v2\/pages\/88","targetHints":{"allow":["GET"]}}],"collection":[{"href":"https:\/\/ayudaestresyansiedad.com\/index.php\/wp-json\/wp\/v2\/pages"}],"about":[{"href":"https:\/\/ayudaestresyansiedad.com\/index.php\/wp-json\/wp\/v2\/types\/page"}],"author":[{"embeddable":true,"href":"https:\/\/ayudaestresyansiedad.com\/index.php\/wp-json\/wp\/v2\/users\/1"}],"replies":[{"embeddable":true,"href":"https:\/\/ayudaestresyansiedad.com\/index.php\/wp-json\/wp\/v2\/comments?post=88"}],"version-history":[{"count":19,"href":"https:\/\/ayudaestresyansiedad.com\/index.php\/wp-json\/wp\/v2\/pages\/88\/revisions"}],"predecessor-version":[{"id":1069,"href":"https:\/\/ayudaestresyansiedad.com\/index.php\/wp-json\/wp\/v2\/pages\/88\/revisions\/1069"}],"wp:attachment":[{"href":"https:\/\/ayudaestresyansiedad.com\/index.php\/wp-json\/wp\/v2\/media?parent=88"}],"curies":[{"name":"wp","href":"https:\/\/api.w.org\/{rel}","templated":true}]}}