{"id":330,"date":"2023-03-23T19:18:15","date_gmt":"2023-03-23T19:18:15","guid":{"rendered":"https:\/\/ayudaestresyansiedad.com\/?page_id=330"},"modified":"2025-02-11T08:48:25","modified_gmt":"2025-02-11T08:48:25","slug":"contacto","status":"publish","type":"page","link":"https:\/\/ayudaestresyansiedad.com\/index.php\/contacto\/","title":{"rendered":"Contacto"},"content":{"rendered":"<div class=\"wpforms-container wpforms-container-full wpforms-block wpforms-block-e42f03f2-7002-42f0-955c-6285eaf32965\" id=\"wpforms-321\"><form id=\"wpforms-form-321\" class=\"wpforms-validate wpforms-form wpforms-ajax-form\" data-formid=\"321\" method=\"post\" enctype=\"multipart\/form-data\" action=\"\/index.php\/wp-json\/wp\/v2\/pages\/330\" data-token=\"369b089f010fe904c4e6de128771e8cc\" data-token-time=\"1777678085\"><noscript class=\"wpforms-error-noscript\">Por favor, activa JavaScript en tu navegador para completar este formulario.<\/noscript><div class=\"wpforms-field-container\"><div id=\"wpforms-321-field_0-container\" class=\"wpforms-field wpforms-field-name\" data-field-id=\"0\"><label class=\"wpforms-field-label\">Nombre <span class=\"wpforms-required-label\">*<\/span><\/label><div class=\"wpforms-field-row wpforms-field-medium\"><div class=\"wpforms-field-row-block wpforms-first wpforms-one-half\"><input type=\"text\" id=\"wpforms-321-field_0\" class=\"wpforms-field-name-first wpforms-field-required\" name=\"wpforms[fields][0][first]\" required><label for=\"wpforms-321-field_0\" class=\"wpforms-field-sublabel after\">Nombre<\/label><\/div><div class=\"wpforms-field-row-block wpforms-one-half\"><input type=\"text\" id=\"wpforms-321-field_0-last\" class=\"wpforms-field-name-last wpforms-field-required\" name=\"wpforms[fields][0][last]\" required><label for=\"wpforms-321-field_0-last\" class=\"wpforms-field-sublabel after\">Apellidos<\/label><\/div><\/div><\/div><div id=\"wpforms-321-field_1-container\" class=\"wpforms-field wpforms-field-email\" data-field-id=\"1\"><label class=\"wpforms-field-label\" for=\"wpforms-321-field_1\">Correo electr\u00f3nico <span class=\"wpforms-required-label\">*<\/span><\/label><input type=\"email\" id=\"wpforms-321-field_1\" class=\"wpforms-field-medium wpforms-field-required\" name=\"wpforms[fields][1]\" spellcheck=\"false\" required><\/div><div id=\"wpforms-321-field_6-container\" class=\"wpforms-field wpforms-field-number\" data-field-id=\"6\"><label class=\"wpforms-field-label\" for=\"wpforms-321-field_6\">Tel\u00e9fono<\/label><input type=\"number\" id=\"wpforms-321-field_6\" class=\"wpforms-field-medium\" name=\"wpforms[fields][6]\" step=\"any\" ><\/div><div id=\"wpforms-321-field_3-container\" class=\"wpforms-field wpforms-field-radio\" data-field-id=\"3\"><label class=\"wpforms-field-label\">Me interesa ampliar informaci\u00f3n sobre: <span class=\"wpforms-required-label\">*<\/span><\/label><ul id=\"wpforms-321-field_3\" class=\"wpforms-field-required\"><li class=\"choice-1 depth-1\"><input type=\"radio\" id=\"wpforms-321-field_3_1\" name=\"wpforms[fields][3]\" value=\"C\u00f3mo aprender Mindfulness\" required ><label class=\"wpforms-field-label-inline\" for=\"wpforms-321-field_3_1\">C\u00f3mo aprender Mindfulness<\/label><\/li><li class=\"choice-2 depth-1\"><input type=\"radio\" id=\"wpforms-321-field_3_2\" name=\"wpforms[fields][3]\" value=\"Sesiones de Coaching\" required ><label class=\"wpforms-field-label-inline\" for=\"wpforms-321-field_3_2\">Sesiones de Coaching<\/label><\/li><li class=\"choice-3 depth-1\"><input type=\"radio\" id=\"wpforms-321-field_3_3\" name=\"wpforms[fields][3]\" value=\"Talleres\" required ><label class=\"wpforms-field-label-inline\" for=\"wpforms-321-field_3_3\">Talleres<\/label><\/li><li class=\"choice-5 depth-1\"><input type=\"radio\" id=\"wpforms-321-field_3_5\" name=\"wpforms[fields][3]\" value=\"Packs regalo\" required ><label class=\"wpforms-field-label-inline\" for=\"wpforms-321-field_3_5\">Packs regalo<\/label><\/li><li class=\"choice-4 depth-1\"><input type=\"radio\" id=\"wpforms-321-field_3_4\" name=\"wpforms[fields][3]\" value=\"Otra informaci\u00f3n (a\u00f1ada detalles al respecto en el comentario)\" required ><label class=\"wpforms-field-label-inline\" for=\"wpforms-321-field_3_4\">Otra informaci\u00f3n (a\u00f1ada detalles al respecto en el comentario)<\/label><\/li><\/ul><\/div><div id=\"wpforms-321-field_2-container\" class=\"wpforms-field wpforms-field-textarea\" data-field-id=\"2\"><label class=\"wpforms-field-label\" for=\"wpforms-321-field_2\">Comentario o mensaje<\/label><textarea id=\"wpforms-321-field_2\" class=\"wpforms-field-medium\" name=\"wpforms[fields][2]\" ><\/textarea><\/div><div id=\"wpforms-321-field_5-container\" class=\"wpforms-field wpforms-field-gdpr-checkbox\" data-field-id=\"5\"><label class=\"wpforms-field-label\">Acuerdo RGPD <span class=\"wpforms-required-label\">*<\/span><\/label><ul id=\"wpforms-321-field_5\" class=\"wpforms-field-required\"><li class=\"choice-1\"><input type=\"checkbox\" id=\"wpforms-321-field_5_1\" name=\"wpforms[fields][5][]\" value=\"Doy mi consentimiento para que esta web almacene la informaci\u00f3n que env\u00edo para que puedan responder a mi petici\u00f3n.\" required ><label class=\"wpforms-field-label-inline\" for=\"wpforms-321-field_5_1\">Doy mi consentimiento para que esta web almacene la informaci\u00f3n que env\u00edo para que puedan responder a mi petici\u00f3n.<\/label><\/li><\/ul><\/div><\/div><!-- .wpforms-field-container --><div class=\"wpforms-recaptcha-container wpforms-is-recaptcha wpforms-is-recaptcha-type-v3\" ><input type=\"hidden\" name=\"wpforms[recaptcha]\" value=\"\"><\/div><div class=\"wpforms-submit-container\" ><input type=\"hidden\" name=\"wpforms[id]\" value=\"321\"><input type=\"hidden\" name=\"page_title\" value=\"\"><input type=\"hidden\" name=\"page_url\" value=\"https:\/\/ayudaestresyansiedad.com\/index.php\/wp-json\/wp\/v2\/pages\/330\"><input type=\"hidden\" name=\"url_referer\" value=\"\"><button type=\"submit\" name=\"wpforms[submit]\" id=\"wpforms-submit-321\" class=\"wpforms-submit\" data-alt-text=\"Enviando...\" data-submit-text=\"Enviar\" aria-live=\"assertive\" value=\"wpforms-submit\">Enviar<\/button><img loading=\"lazy\" decoding=\"async\" src=\"https:\/\/ayudaestresyansiedad.com\/wp-content\/plugins\/wpforms-lite\/assets\/images\/submit-spin.svg\" class=\"wpforms-submit-spinner\" style=\"display: none;\" width=\"26\" height=\"26\" alt=\"Cargando\"><\/div><\/form><\/div>  <!-- .wpforms-container -->","protected":false},"excerpt":{"rendered":"","protected":false},"author":1,"featured_media":390,"parent":0,"menu_order":0,"comment_status":"closed","ping_status":"closed","template":"templates\/blossom-portfolio.php","meta":{"footnotes":""},"class_list":["post-330","page","type-page","status-publish","has-post-thumbnail","hentry"],"yoast_head":"<!-- This site is optimized with the Yoast SEO plugin v25.0 - https:\/\/yoast.com\/wordpress\/plugins\/seo\/ -->\n<title>Contacto - PACO BEDMAR<\/title>\n<meta name=\"robots\" content=\"index, follow, max-snippet:-1, max-image-preview:large, max-video-preview:-1\" \/>\n<link rel=\"canonical\" href=\"https:\/\/ayudaestresyansiedad.com\/index.php\/contacto\/\" \/>\n<meta property=\"og:locale\" content=\"es_ES\" \/>\n<meta property=\"og:type\" content=\"article\" \/>\n<meta property=\"og:title\" content=\"Contacto - PACO BEDMAR\" \/>\n<meta property=\"og:url\" content=\"https:\/\/ayudaestresyansiedad.com\/index.php\/contacto\/\" \/>\n<meta property=\"og:site_name\" content=\"PACO BEDMAR\" \/>\n<meta property=\"article:modified_time\" content=\"2025-02-11T08:48:25+00:00\" \/>\n<meta property=\"og:image\" content=\"http:\/\/ayudaestresyansiedad.com\/wp-content\/uploads\/2023\/07\/Logotipo-paco-Bedmar-2.png\" \/>\n\t<meta property=\"og:image:width\" content=\"400\" \/>\n\t<meta property=\"og:image:height\" content=\"400\" \/>\n\t<meta property=\"og:image:type\" content=\"image\/png\" \/>\n<meta name=\"twitter:card\" content=\"summary_large_image\" \/>\n<meta name=\"twitter:site\" content=\"@BedmarCoach\" \/>\n<script type=\"application\/ld+json\" class=\"yoast-schema-graph\">{\"@context\":\"https:\/\/schema.org\",\"@graph\":[{\"@type\":\"WebPage\",\"@id\":\"https:\/\/ayudaestresyansiedad.com\/index.php\/contacto\/\",\"url\":\"https:\/\/ayudaestresyansiedad.com\/index.php\/contacto\/\",\"name\":\"Contacto - PACO BEDMAR\",\"isPartOf\":{\"@id\":\"https:\/\/ayudaestresyansiedad.com\/#website\"},\"primaryImageOfPage\":{\"@id\":\"https:\/\/ayudaestresyansiedad.com\/index.php\/contacto\/#primaryimage\"},\"image\":{\"@id\":\"https:\/\/ayudaestresyansiedad.com\/index.php\/contacto\/#primaryimage\"},\"thumbnailUrl\":\"https:\/\/ayudaestresyansiedad.com\/wp-content\/uploads\/2023\/07\/Logotipo-paco-Bedmar-2.png\",\"datePublished\":\"2023-03-23T19:18:15+00:00\",\"dateModified\":\"2025-02-11T08:48:25+00:00\",\"breadcrumb\":{\"@id\":\"https:\/\/ayudaestresyansiedad.com\/index.php\/contacto\/#breadcrumb\"},\"inLanguage\":\"es\",\"potentialAction\":[{\"@type\":\"ReadAction\",\"target\":[\"https:\/\/ayudaestresyansiedad.com\/index.php\/contacto\/\"]}]},{\"@type\":\"ImageObject\",\"inLanguage\":\"es\",\"@id\":\"https:\/\/ayudaestresyansiedad.com\/index.php\/contacto\/#primaryimage\",\"url\":\"https:\/\/ayudaestresyansiedad.com\/wp-content\/uploads\/2023\/07\/Logotipo-paco-Bedmar-2.png\",\"contentUrl\":\"https:\/\/ayudaestresyansiedad.com\/wp-content\/uploads\/2023\/07\/Logotipo-paco-Bedmar-2.png\",\"width\":400,\"height\":400,\"caption\":\"Paco B\u00e9dmar\"},{\"@type\":\"BreadcrumbList\",\"@id\":\"https:\/\/ayudaestresyansiedad.com\/index.php\/contacto\/#breadcrumb\",\"itemListElement\":[{\"@type\":\"ListItem\",\"position\":1,\"name\":\"INICIO\",\"item\":\"https:\/\/ayudaestresyansiedad.com\/\"},{\"@type\":\"ListItem\",\"position\":2,\"name\":\"Contacto\"}]},{\"@type\":\"WebSite\",\"@id\":\"https:\/\/ayudaestresyansiedad.com\/#website\",\"url\":\"https:\/\/ayudaestresyansiedad.com\/\",\"name\":\"PACO BEDMAR\",\"description\":\"SUE\u00d1A, ACT\u00daA... CONSIGUE TUS OBJETIVOS\",\"publisher\":{\"@id\":\"https:\/\/ayudaestresyansiedad.com\/#\/schema\/person\/d07ed3c273dddfd14b3d692c1b67bce1\"},\"alternateName\":\"Coaching profesional en Madrid\",\"potentialAction\":[{\"@type\":\"SearchAction\",\"target\":{\"@type\":\"EntryPoint\",\"urlTemplate\":\"https:\/\/ayudaestresyansiedad.com\/?s={search_term_string}\"},\"query-input\":{\"@type\":\"PropertyValueSpecification\",\"valueRequired\":true,\"valueName\":\"search_term_string\"}}],\"inLanguage\":\"es\"},{\"@type\":[\"Person\",\"Organization\"],\"@id\":\"https:\/\/ayudaestresyansiedad.com\/#\/schema\/person\/d07ed3c273dddfd14b3d692c1b67bce1\",\"name\":\"Paco B\u00e9dmar\",\"image\":{\"@type\":\"ImageObject\",\"inLanguage\":\"es\",\"@id\":\"https:\/\/ayudaestresyansiedad.com\/#\/schema\/person\/image\/\",\"url\":\"https:\/\/ayudaestresyansiedad.com\/wp-content\/uploads\/2023\/03\/1658761370604.jpg\",\"contentUrl\":\"https:\/\/ayudaestresyansiedad.com\/wp-content\/uploads\/2023\/03\/1658761370604.jpg\",\"width\":800,\"height\":800,\"caption\":\"Paco B\u00e9dmar\"},\"logo\":{\"@id\":\"https:\/\/ayudaestresyansiedad.com\/#\/schema\/person\/image\/\"},\"sameAs\":[\"http:\/\/ayudaestresyansiedad.com\",\"https:\/\/www.linkedin.com\/in\/franciscobedmarcruz\/\",\"https:\/\/x.com\/BedmarCoach\",\"https:\/\/www.youtube.com\/channel\/UCF0wNJbFTUay-id7NfRpOPA\"]}]}<\/script>\n<!-- \/ Yoast SEO plugin. -->","yoast_head_json":{"title":"Contacto - PACO BEDMAR","robots":{"index":"index","follow":"follow","max-snippet":"max-snippet:-1","max-image-preview":"max-image-preview:large","max-video-preview":"max-video-preview:-1"},"canonical":"https:\/\/ayudaestresyansiedad.com\/index.php\/contacto\/","og_locale":"es_ES","og_type":"article","og_title":"Contacto - PACO BEDMAR","og_url":"https:\/\/ayudaestresyansiedad.com\/index.php\/contacto\/","og_site_name":"PACO BEDMAR","article_modified_time":"2025-02-11T08:48:25+00:00","og_image":[{"width":400,"height":400,"url":"http:\/\/ayudaestresyansiedad.com\/wp-content\/uploads\/2023\/07\/Logotipo-paco-Bedmar-2.png","type":"image\/png"}],"twitter_card":"summary_large_image","twitter_site":"@BedmarCoach","schema":{"@context":"https:\/\/schema.org","@graph":[{"@type":"WebPage","@id":"https:\/\/ayudaestresyansiedad.com\/index.php\/contacto\/","url":"https:\/\/ayudaestresyansiedad.com\/index.php\/contacto\/","name":"Contacto - PACO BEDMAR","isPartOf":{"@id":"https:\/\/ayudaestresyansiedad.com\/#website"},"primaryImageOfPage":{"@id":"https:\/\/ayudaestresyansiedad.com\/index.php\/contacto\/#primaryimage"},"image":{"@id":"https:\/\/ayudaestresyansiedad.com\/index.php\/contacto\/#primaryimage"},"thumbnailUrl":"https:\/\/ayudaestresyansiedad.com\/wp-content\/uploads\/2023\/07\/Logotipo-paco-Bedmar-2.png","datePublished":"2023-03-23T19:18:15+00:00","dateModified":"2025-02-11T08:48:25+00:00","breadcrumb":{"@id":"https:\/\/ayudaestresyansiedad.com\/index.php\/contacto\/#breadcrumb"},"inLanguage":"es","potentialAction":[{"@type":"ReadAction","target":["https:\/\/ayudaestresyansiedad.com\/index.php\/contacto\/"]}]},{"@type":"ImageObject","inLanguage":"es","@id":"https:\/\/ayudaestresyansiedad.com\/index.php\/contacto\/#primaryimage","url":"https:\/\/ayudaestresyansiedad.com\/wp-content\/uploads\/2023\/07\/Logotipo-paco-Bedmar-2.png","contentUrl":"https:\/\/ayudaestresyansiedad.com\/wp-content\/uploads\/2023\/07\/Logotipo-paco-Bedmar-2.png","width":400,"height":400,"caption":"Paco B\u00e9dmar"},{"@type":"BreadcrumbList","@id":"https:\/\/ayudaestresyansiedad.com\/index.php\/contacto\/#breadcrumb","itemListElement":[{"@type":"ListItem","position":1,"name":"INICIO","item":"https:\/\/ayudaestresyansiedad.com\/"},{"@type":"ListItem","position":2,"name":"Contacto"}]},{"@type":"WebSite","@id":"https:\/\/ayudaestresyansiedad.com\/#website","url":"https:\/\/ayudaestresyansiedad.com\/","name":"PACO BEDMAR","description":"SUE\u00d1A, ACT\u00daA... CONSIGUE TUS OBJETIVOS","publisher":{"@id":"https:\/\/ayudaestresyansiedad.com\/#\/schema\/person\/d07ed3c273dddfd14b3d692c1b67bce1"},"alternateName":"Coaching profesional en Madrid","potentialAction":[{"@type":"SearchAction","target":{"@type":"EntryPoint","urlTemplate":"https:\/\/ayudaestresyansiedad.com\/?s={search_term_string}"},"query-input":{"@type":"PropertyValueSpecification","valueRequired":true,"valueName":"search_term_string"}}],"inLanguage":"es"},{"@type":["Person","Organization"],"@id":"https:\/\/ayudaestresyansiedad.com\/#\/schema\/person\/d07ed3c273dddfd14b3d692c1b67bce1","name":"Paco B\u00e9dmar","image":{"@type":"ImageObject","inLanguage":"es","@id":"https:\/\/ayudaestresyansiedad.com\/#\/schema\/person\/image\/","url":"https:\/\/ayudaestresyansiedad.com\/wp-content\/uploads\/2023\/03\/1658761370604.jpg","contentUrl":"https:\/\/ayudaestresyansiedad.com\/wp-content\/uploads\/2023\/03\/1658761370604.jpg","width":800,"height":800,"caption":"Paco B\u00e9dmar"},"logo":{"@id":"https:\/\/ayudaestresyansiedad.com\/#\/schema\/person\/image\/"},"sameAs":["http:\/\/ayudaestresyansiedad.com","https:\/\/www.linkedin.com\/in\/franciscobedmarcruz\/","https:\/\/x.com\/BedmarCoach","https:\/\/www.youtube.com\/channel\/UCF0wNJbFTUay-id7NfRpOPA"]}]}},"_links":{"self":[{"href":"https:\/\/ayudaestresyansiedad.com\/index.php\/wp-json\/wp\/v2\/pages\/330","targetHints":{"allow":["GET"]}}],"collection":[{"href":"https:\/\/ayudaestresyansiedad.com\/index.php\/wp-json\/wp\/v2\/pages"}],"about":[{"href":"https:\/\/ayudaestresyansiedad.com\/index.php\/wp-json\/wp\/v2\/types\/page"}],"author":[{"embeddable":true,"href":"https:\/\/ayudaestresyansiedad.com\/index.php\/wp-json\/wp\/v2\/users\/1"}],"replies":[{"embeddable":true,"href":"https:\/\/ayudaestresyansiedad.com\/index.php\/wp-json\/wp\/v2\/comments?post=330"}],"version-history":[{"count":13,"href":"https:\/\/ayudaestresyansiedad.com\/index.php\/wp-json\/wp\/v2\/pages\/330\/revisions"}],"predecessor-version":[{"id":1683,"href":"https:\/\/ayudaestresyansiedad.com\/index.php\/wp-json\/wp\/v2\/pages\/330\/revisions\/1683"}],"wp:featuredmedia":[{"embeddable":true,"href":"https:\/\/ayudaestresyansiedad.com\/index.php\/wp-json\/wp\/v2\/media\/390"}],"wp:attachment":[{"href":"https:\/\/ayudaestresyansiedad.com\/index.php\/wp-json\/wp\/v2\/media?parent=330"}],"curies":[{"name":"wp","href":"https:\/\/api.w.org\/{rel}","templated":true}]}}