{"id":183,"date":"2022-05-30T07:23:48","date_gmt":"2022-05-30T07:23:48","guid":{"rendered":"https:\/\/portesasturias.com\/?page_id=183"},"modified":"2022-05-30T07:23:48","modified_gmt":"2022-05-30T07:23:48","slug":"politica-de-privacidad","status":"publish","type":"page","link":"https:\/\/ayudaestresyansiedad.com\/index.php\/politica-de-privacidad\/","title":{"rendered":"Pol\u00edtica de privacidad"},"content":{"rendered":"\n<p><strong>Pol\u00edtica de Privacidad<\/strong><\/p>\n\n\n\n<ol class=\"wp-block-list\" type=\"1\"><li><strong>Pol\u00edtica de privacidad y protecci\u00f3n de datos personales<\/strong><\/li><\/ol>\n\n\n\n<p>Mediante este aviso, PORTES ENTRE ASTURIAS Y MADRID SL, informa a los usuarios del portal web <a href=\"https:\/\/portesasturias.com\/\">https:\/\/portesasturias.com\/<\/a> acerca de su pol\u00edtica de protecci\u00f3n de datos de car\u00e1cter personal (en adelante, \u201clos Datos Personales\u201d) para que los Usuarios determinen, libre y voluntariamente, si desean facilitar a PORTES ENTRE ASTURIAS Y MADRID SL los Datos Personales que se les puedan requerir o que se puedan obtener de los Usuarios con ocasi\u00f3n de la suscripci\u00f3n o alta en algunos de los servicios ofrecidos por PORTES ENTRE ASTURIAS Y MADRID SL en el Portal o a trav\u00e9s del Portal. PORTES ENTRE ASTURIAS Y MADRID SL se reserva el derecho a modificar la presente pol\u00edtica para adaptarla a novedades legislativas o jurisprudenciales as\u00ed como a pr\u00e1cticas de la industria.<\/p>\n\n\n\n<p>En dichos supuestos, PORTES ENTRE ASTURIAS Y MADRID SL anunciar\u00e1 en esta p\u00e1gina los cambios introducidos con razonable antelaci\u00f3n a su puesta en pr\u00e1ctica. A los efectos de la Ley Org\u00e1nica 15\/1999, de 13 de diciembre, de Protecci\u00f3n de Datos de Car\u00e1cter Personal, le informamos que los datos recabados en los distintos formularios ser\u00e1n incluidos en un fichero de datos de car\u00e1cter personal con el fin de tramitar adecuadamente su solicitud, y cuyo destinatario ser\u00e1 PORTES ENTRE ASTURIAS Y MADRID SL. PORTES ENTRE ASTURIAS Y MADRID SL, como responsable del fichero, garantiza el ejercicio de los derechos de acceso, rectificaci\u00f3n, cancelaci\u00f3n y oposici\u00f3n de los datos facilitados. Para ello, y con el fin de facilitarle este tr\u00e1mite, bastar\u00e1 con que nos remita un mensaje con su petici\u00f3n, a la direcci\u00f3n electr\u00f3nica: tojoso5@hotmail.com.<\/p>\n\n\n\n<p>De igual modo, se compromete, en la utilizaci\u00f3n de los datos incluidos en el fichero, a respetar su confidencialidad y a utilizarlos de acuerdo con la finalidad del fichero. Remitiendo la informaci\u00f3n solicitada en los formularios, el interesado consiente expresamente el tratamiento y cesi\u00f3n de sus datos a PORTES ENTRE ASTURIAS Y MADRID SL, para el cumplimiento de la finalidad arriba indicada.<\/p>\n\n\n\n<p>A los efectos de la Ley Org\u00e1nica 15\/1999, de 13 de diciembre, de Protecci\u00f3n de Datos de Car\u00e1cter Personal, le informamos que sus datos recabados en los distintos formularios ser\u00e1n incluidos en un fichero de PORTES ENTRE ASTURIAS Y MADRID SL con la finalidad de tramitar su solicitud y gestionar adecuadamente la prestaci\u00f3n de servicios. Dichos datos ser\u00e1n tratados asimismo para informarle y remitirle publicidad sobre promociones especiales relativas a servicios o productos relacionados con internet y la nuevas tecnolog\u00edas. Si no desea que sus datos sean tratados con finalidad comercial, le rogamos comunique marque la casilla que le aparecer\u00e1 en el momento de contratar el servicio. En la direcci\u00f3n electr\u00f3nica: tojoso5@hotmail.com podr\u00e1 ejercer los derechos de acceso rectificaci\u00f3n, cancelaci\u00f3n y oposici\u00f3n que la normativa le reconoce.<\/p>\n\n\n\n<ol class=\"wp-block-list\" type=\"1\"><li><strong>Navegaci\u00f3n web. Cookies<\/strong><\/li><\/ol>\n\n\n\n<p>Las cookies son peque\u00f1os archivos de texto que se instalan en el navegador del ordenador del Usuario para registrar su actividad, enviando una identificaci\u00f3n an\u00f3nima que se almacena en el mismo, con la finalidad de que la navegaci\u00f3n sea m\u00e1s sencilla, permitiendo, por ejemplo, el acceso a los Usuarios que se hayan registrado previamente y el acceso a las \u00e1reas, servicios, promociones o concursos reservados exclusivamente a ellos sin tener que registrarse en cada visita. Se pueden utilizar tambi\u00e9n para medir la audiencia, par\u00e1metros del tr\u00e1fico y navegaci\u00f3n, tiempo de sesi\u00f3n, y\/o controlar el progreso y el n\u00famero de entradas.<\/p>\n\n\n\n<p>PORTES ENTRE ASTURIAS Y MADRID SL procurar\u00e1 en todo momento establecer mecanismos adecuados para obtener el consentimiento del Usuario para la instalaci\u00f3n de cookies que lo requieran. No obstante lo anterior, deber\u00e1 tenerse en cuenta que, de conformidad con la Ley, se entender\u00e1 que el Usuario ha dado su consentimiento si modifica la configuraci\u00f3n del navegador deshabilitando las restricciones que impiden la entrada de cookies y que el referido consentimiento no ser\u00e1 preciso para la instalaci\u00f3n de aquellas cookies que sean estrictamente necesarias para la prestaci\u00f3n de un servicio expresamente solicitado por el Usuario (mediante registro previo).<\/p>\n\n\n\n<p>A continuaci\u00f3n adjuntamos una lista de las cookies principales que PORTES ENTRE ASTURIAS Y MADRID SL est\u00e1 utilizando:<\/p>\n\n\n\n<figure class=\"wp-block-table\"><table><tbody><tr><td><strong>Nombre<\/strong><\/td><td><strong>Origen<\/strong><\/td><td><strong>Funci\u00f3n de la cookie<\/strong><\/td><\/tr><tr><td>-utma<\/td><td>Google Analytics<\/td><td>Habilitan la funci\u00f3n de control de visitas \u00fanicas. La primera vez que un usuario entre en el sitio Web de PORTES ENTRE ASTURIAS Y MADRID SL. A trav\u00e9s de un navegador se instalar\u00e1 esta cookie. Cuando este usuario vuelva a entrar en nuestra p\u00e1gina con el mismo navegador, la cookie considerar\u00e1 que es el mismo usuario. Solo en el caso de que el usuario cambie de navegador, Google Analytics lo considerar\u00e1 otro usuario.<\/td><\/tr><tr><td>-utmb-utmc<\/td><td>Google Analytics<\/td><td>Habilitan la funci\u00f3n de c\u00e1lculo del tiempo de sesi\u00f3n. La primera (utmb) registra la hora de entrada en la p\u00e1gina y la segunda (utmc) comprueba si se debe mantener la sesi\u00f3n abierta o se debe crear una sesi\u00f3n nueva. La cookie utmb caduca a los 30 minutos desde el \u00faltimo registro de p\u00e1gina vista mientras que la utmc es una variable de sesi\u00f3n, por lo que se elimina autom\u00e1ticamente al cambiar de web o al cerrar el navegador.<\/td><\/tr><tr><td>-utmz<\/td><td>Google Analytics<\/td><td>Habilitan la funci\u00f3n de registro de la procedencia del usuario. Los datos registrados ser\u00e1n, entre otros, si el usuario llega a nuestro sitio Web por tr\u00e1fico directo, desde otra web, desde una campa\u00f1a publicitaria o desde un buscador (indicando la palabra clave utilizada y la fuente)<\/td><\/tr><tr><td>PHPSESSID<\/td><td>Propia de PORTES ENTRE ASTURIAS Y MADRID SL<\/td><td>Habilita la funci\u00f3n de control de idioma, detectando asi el pais de origen del visitante y mandandolo al idioma correcto.<\/td><\/tr><tr><td>PORTES ENTRE ASTURIAS Y MADRID SL<\/td><td>Propia de PORTES ENTRE ASTURIAS Y MADRID SL<\/td><td>Permite realizar la permanencia de la sesi\u00f3n para mostrar el mensaje de informacion de las cookies<\/td><\/tr><\/tbody><\/table><\/figure>\n\n\n\n<p>Sin perjuicio de lo anterior, el Usuario tiene la posibilidad de configurar su navegador para ser avisado de la recepci\u00f3n de cookies y para impedir su instalaci\u00f3n en su equipo.<\/p>\n\n\n\n<ol class=\"wp-block-list\" type=\"1\"><li><strong>Condiciones de Uso y su aceptaci\u00f3n<\/strong><\/li><\/ol>\n\n\n\n<p>Estas condiciones regulan el uso de la web de PORTES ENTRE ASTURIAS Y MADRID SL para el usuario de Internet, y expresan la aceptaci\u00f3n plena y sin reservas del mismo de todas y cada una de las condiciones y restricciones que est\u00e9n publicadas en la web en el momento en que acceda a la misma. El acceso a la web y\/o la utilizaci\u00f3n de cualquiera de los servicios en ella incluidos supondr\u00e1 la aceptaci\u00f3n de todas las condiciones de uso. PORTES ENTRE ASTURIAS Y MADRID SL se reserva el derecho a modificar unilateralmente la web y los servicios en ella ofrecidos, incluyendo la modificaci\u00f3n de las condiciones de uso. Por ello se recomienda al usuario que lea este Aviso Legal tantas veces como acceda a la web.<\/p>\n\n\n\n<ol class=\"wp-block-list\" type=\"1\"><li><strong>Condiciones de utilizaci\u00f3n de la Web<\/strong><\/li><\/ol>\n\n\n\n<p>El usuario debe utilizar la web de conformidad con los usos autorizados. Queda expresamente prohibida la utilizaci\u00f3n de la web o de cualquiera de sus servicios con fines o efectos il\u00edcitos, contrarios a la buena fe, al orden p\u00fablico o a lo establecido en las condiciones de uso. Queda igualmente prohibido cualquier uso lesivo de derechos o intereses de terceros o que, de cualquier forma, dificulten la utilizaci\u00f3n por parte de otros usuarios la normal utilizaci\u00f3n de la web y\/o sus servicios. La utilizaci\u00f3n de la web es gratuita para el usuario.<\/p>\n\n\n\n<ol class=\"wp-block-list\" type=\"1\"><li><strong>Derechos de Propiedad Intelectual e Industrial<\/strong><\/li><\/ol>\n\n\n\n<p>Todos los contenidos de la web (marca, nombres comerciales, im\u00e1genes, iconos, dise\u00f1o y presentaci\u00f3n general de las diferentes secciones) est\u00e1n sujetos a derechos de propiedad intelectual o industrial de PORTES ENTRE ASTURIAS Y MADRID SL o de terceros. En ning\u00fan caso el acceso a la web implica que por parte de PORTES ENTRE ASTURIAS Y MADRID SL o del titular de esos derechos: (1) se otorgue autorizaci\u00f3n o licencia alguna sobre esos contenidos, (2) se renuncie, transmita o ceda total o parcialmente ninguno de sus derechos sobre esos contenidos (entre otros, sus derechos de reproducci\u00f3n, distribuci\u00f3n y comunicaci\u00f3n p\u00fablica). No podr\u00e1n realizarse utilizaciones de la web y\/o de sus contenidos, diferentes de las expresamente autorizadas por PORTES ENTRE ASTURIAS Y MADRID SL. Ning\u00fan usuario de esta web puede revender, volver a publicar, imprimir, bajar, copiar, retransmitir o presentar ning\u00fan elemento de esta web ni de los contenidos de la misma sin el consentimiento previo por escrito de PORTES ENTRE ASTURIAS Y MADRID SL, a menos que la ley permita, en medida razonable, copiar o imprimir los contenidos para uso personal y no comercial manteni\u00e9ndose inalterados, en todo caso, el Copyright y dem\u00e1s datos identificativos de los derechos de PORTES ENTRE ASTURIAS Y MADRID SL y\/o del titular de los derechos de esos contenidos. Esta web y sus contenidos est\u00e1n protegidos por las leyes de protecci\u00f3n de la Propiedad Industrial e Intelectual internacionales y de Espa\u00f1a, ya sea como obras individuales y\/o como compilaciones. El usuario no puede borrar ni modificar de ninguna forma la informaci\u00f3n relativa a esos derechos incluidos en la web. Quedan reservados todos los derechos a favor de PORTES ENTRE ASTURIAS Y MADRID SL o del titular de los mismos.<\/p>\n\n\n\n<ol class=\"wp-block-list\" type=\"1\"><li><strong>Exclusi\u00f3n de Garant\u00edas y Responsabilidad<\/strong><\/li><\/ol>\n\n\n\n<p><strong>Exclusi\u00f3n de garant\u00edas y responsabilidad por el funcionamiento de la Web<\/strong><\/p>\n\n\n\n<p>PORTES ENTRE ASTURIAS Y MADRID SL no garantiza y no asume ninguna responsabilidad por el funcionamiento de la web y\/o sus servicios. En caso de producirse interrupciones en su funcionamiento PORTES ENTRE ASTURIAS Y MADRID SL tratar\u00e1, si esto fuera posible, de advertirlo al usuario. PORTES ENTRE ASTURIAS Y MADRID SL tampoco garantiza la utilidad de la web y\/o sus servicios para la realizaci\u00f3n de ninguna actividad en particular, su infalibilidad ni que el usuario pueda utilizar en todo momento la web o los servicios que se ofrezcan. PORTES ENTRE ASTURIAS Y MADRID SL est\u00e1 autorizado a efectuar cuantas modificaciones t\u00e9cnicas sean precisas para mejorar la calidad, rendimiento, eficacia del sistema y de su conexi\u00f3n. Salvo que se indique expresamente un plazo, la prestaci\u00f3n de los servicios tiene en principio una duraci\u00f3n indefinida, no obstante, PORTES ENTRE ASTURIAS Y MADRID SL est\u00e1 autorizado a dar por terminados alguno de los servicios o el acceso a la web en cualquier momento. Siempre que esto fuera posible, PORTES ENTRE ASTURIAS Y MADRID SL tratar\u00e1 de comunicarlo con antelaci\u00f3n al usuario.<\/p>\n\n\n\n<p><strong>Exclusi\u00f3n de garant\u00edas y responsabilidad por los contenidos<\/strong><\/p>\n\n\n\n<p>Los contenidos de todo tipo incluidos en la web que se hallan disponibles para el p\u00fablico en general, facilitan el acceso a informaci\u00f3n, productos y servicios suministrados o prestados por PORTES ENTRE ASTURIAS Y MADRID SL. Dichos contenidos son facilitados de buena fe por PORTES ENTRE ASTURIAS Y MADRID SL con informaci\u00f3n procedente, en ocasiones, de fuentes distintas a PORTES ENTRE ASTURIAS Y MADRID SL. Por lo tanto, PORTES ENTRE ASTURIAS Y MADRID SL no puede garantizar la fiabilidad, veracidad, exhaustividad y actualidad de los contenidos y, por tanto queda excluido cualquier tipo de responsabilidad de PORTES ENTRE ASTURIAS Y MADRID SL que pudiera derivarse por los da\u00f1os causados, directa o indirectamente, por la informaci\u00f3n a la que se acceda por medio de la web. PORTES ENTRE ASTURIAS Y MADRID SL no garantiza la idoneidad de los contenidos incluidos en la web para fines particulares de quien acceda a la misma. En consecuencia, tanto el acceso a dicha web como el uso que pueda hacerse de la informaci\u00f3n y contenidos incluidos en las mismas se efect\u00faa bajo la exclusiva responsabilidad de quien lo realice, y PORTES ENTRE ASTURIAS Y MADRID SL no responder\u00e1 en ning\u00fan caso y en ninguna medida por los eventuales perjuicios derivados del uso de la informaci\u00f3n y contenidos accesibles en la web. Asimismo, PORTES ENTRE ASTURIAS Y MADRID SL no ser\u00e1 en ning\u00fan caso responsable por productos o servicios prestados u ofertados por otras personas o entidades, o por contenidos, informaciones, comunicaciones, opiniones o manifestaciones de cualquier tipo originados o vertidos por terceros y a las que se pueda acceder a trav\u00e9s de la web.<\/p>\n\n\n\n<p><strong>Exclusi\u00f3n de garant\u00edas y responsabilidad por enlaces a otras p\u00e1ginas<\/strong><\/p>\n\n\n\n<p>La web puede permitir al usuario su acceso por medio de enlaces a otras p\u00e1ginas web. PORTES ENTRE ASTURIAS Y MADRID SL no responde ni hace suyo el contenido de las p\u00e1ginas web enlazadas, ni garantiza la legalidad, exactitud, veracidad y fiabilidad de la informaci\u00f3n que incluyan. La existencia de un enlace no supondr\u00e1 la existencia de relaci\u00f3n de ning\u00fan tipo entre PORTES ENTRE ASTURIAS Y MADRID SL y la titular del sitio enlazado. PORTES ENTRE ASTURIAS Y MADRID SL no tendr\u00e1 ning\u00fan tipo de responsabilidad por infracciones o da\u00f1os que se causen al usuario o a terceros por el contenido de las p\u00e1ginas web a las que se encuentre unidas por un enlace. Jurisdicci\u00f3n y ley aplicable. Las condiciones de uso y los servicios ofrecidos en la web se rigen por la Ley Espa\u00f1ola. PORTES ENTRE ASTURIAS Y MADRID SL no tiene control alguno sobre quien o quienes pueden acceder a su web y donde pueden estar emplazados. A pesar de que PORTES ENTRE ASTURIAS Y MADRID SL es consciente de ello, esto no significa que se someta a las jurisdicciones de pa\u00edses extranjeros; en caso de conflicto o reclamaci\u00f3n en relaci\u00f3n a la web o cualquiera de los servicios por ella prestados, las partes acuerdan someterse expresamente a los juzgados y tribunales de Madrid (Espa\u00f1a).<\/p>\n","protected":false},"excerpt":{"rendered":"<p>Pol\u00edtica de Privacidad Pol\u00edtica de privacidad y protecci\u00f3n de datos personales Mediante este aviso, PORTES ENTRE ASTURIAS Y MADRID SL, informa a los usuarios del &hellip; <\/p>\n","protected":false},"author":1,"featured_media":0,"parent":0,"menu_order":0,"comment_status":"closed","ping_status":"closed","template":"","meta":{"footnotes":""},"class_list":["post-183","page","type-page","status-publish","hentry"],"yoast_head":"<!-- This site is optimized with the Yoast SEO plugin v25.0 - https:\/\/yoast.com\/wordpress\/plugins\/seo\/ -->\n<title>Pol\u00edtica de privacidad - PACO BEDMAR<\/title>\n<meta name=\"robots\" content=\"index, follow, max-snippet:-1, max-image-preview:large, max-video-preview:-1\" \/>\n<link rel=\"canonical\" href=\"https:\/\/ayudaestresyansiedad.com\/index.php\/politica-de-privacidad\/\" \/>\n<meta property=\"og:locale\" content=\"es_ES\" \/>\n<meta property=\"og:type\" content=\"article\" \/>\n<meta property=\"og:title\" content=\"Pol\u00edtica de privacidad - PACO BEDMAR\" \/>\n<meta property=\"og:description\" content=\"Pol\u00edtica de Privacidad Pol\u00edtica de privacidad y protecci\u00f3n de datos personales Mediante este aviso, PORTES ENTRE ASTURIAS Y MADRID SL, informa a los usuarios del &hellip;\" \/>\n<meta property=\"og:url\" content=\"https:\/\/ayudaestresyansiedad.com\/index.php\/politica-de-privacidad\/\" \/>\n<meta property=\"og:site_name\" content=\"PACO BEDMAR\" \/>\n<meta name=\"twitter:card\" content=\"summary_large_image\" \/>\n<meta name=\"twitter:site\" content=\"@BedmarCoach\" \/>\n<meta name=\"twitter:label1\" content=\"Tiempo de lectura\" \/>\n\t<meta name=\"twitter:data1\" content=\"12 minutos\" \/>\n<script type=\"application\/ld+json\" class=\"yoast-schema-graph\">{\"@context\":\"https:\/\/schema.org\",\"@graph\":[{\"@type\":\"WebPage\",\"@id\":\"https:\/\/ayudaestresyansiedad.com\/index.php\/politica-de-privacidad\/\",\"url\":\"https:\/\/ayudaestresyansiedad.com\/index.php\/politica-de-privacidad\/\",\"name\":\"Pol\u00edtica de privacidad - PACO BEDMAR\",\"isPartOf\":{\"@id\":\"https:\/\/ayudaestresyansiedad.com\/#website\"},\"datePublished\":\"2022-05-30T07:23:48+00:00\",\"breadcrumb\":{\"@id\":\"https:\/\/ayudaestresyansiedad.com\/index.php\/politica-de-privacidad\/#breadcrumb\"},\"inLanguage\":\"es\",\"potentialAction\":[{\"@type\":\"ReadAction\",\"target\":[\"https:\/\/ayudaestresyansiedad.com\/index.php\/politica-de-privacidad\/\"]}]},{\"@type\":\"BreadcrumbList\",\"@id\":\"https:\/\/ayudaestresyansiedad.com\/index.php\/politica-de-privacidad\/#breadcrumb\",\"itemListElement\":[{\"@type\":\"ListItem\",\"position\":1,\"name\":\"INICIO\",\"item\":\"https:\/\/ayudaestresyansiedad.com\/\"},{\"@type\":\"ListItem\",\"position\":2,\"name\":\"Pol\u00edtica de privacidad\"}]},{\"@type\":\"WebSite\",\"@id\":\"https:\/\/ayudaestresyansiedad.com\/#website\",\"url\":\"https:\/\/ayudaestresyansiedad.com\/\",\"name\":\"PACO BEDMAR\",\"description\":\"SUE\u00d1A, ACT\u00daA... CONSIGUE TUS OBJETIVOS\",\"publisher\":{\"@id\":\"https:\/\/ayudaestresyansiedad.com\/#\/schema\/person\/d07ed3c273dddfd14b3d692c1b67bce1\"},\"alternateName\":\"Coaching profesional en Madrid\",\"potentialAction\":[{\"@type\":\"SearchAction\",\"target\":{\"@type\":\"EntryPoint\",\"urlTemplate\":\"https:\/\/ayudaestresyansiedad.com\/?s={search_term_string}\"},\"query-input\":{\"@type\":\"PropertyValueSpecification\",\"valueRequired\":true,\"valueName\":\"search_term_string\"}}],\"inLanguage\":\"es\"},{\"@type\":[\"Person\",\"Organization\"],\"@id\":\"https:\/\/ayudaestresyansiedad.com\/#\/schema\/person\/d07ed3c273dddfd14b3d692c1b67bce1\",\"name\":\"Paco B\u00e9dmar\",\"image\":{\"@type\":\"ImageObject\",\"inLanguage\":\"es\",\"@id\":\"https:\/\/ayudaestresyansiedad.com\/#\/schema\/person\/image\/\",\"url\":\"https:\/\/ayudaestresyansiedad.com\/wp-content\/uploads\/2023\/03\/1658761370604.jpg\",\"contentUrl\":\"https:\/\/ayudaestresyansiedad.com\/wp-content\/uploads\/2023\/03\/1658761370604.jpg\",\"width\":800,\"height\":800,\"caption\":\"Paco B\u00e9dmar\"},\"logo\":{\"@id\":\"https:\/\/ayudaestresyansiedad.com\/#\/schema\/person\/image\/\"},\"sameAs\":[\"http:\/\/ayudaestresyansiedad.com\",\"https:\/\/www.linkedin.com\/in\/franciscobedmarcruz\/\",\"https:\/\/x.com\/BedmarCoach\",\"https:\/\/www.youtube.com\/channel\/UCF0wNJbFTUay-id7NfRpOPA\"]}]}<\/script>\n<!-- \/ Yoast SEO plugin. -->","yoast_head_json":{"title":"Pol\u00edtica de privacidad - PACO BEDMAR","robots":{"index":"index","follow":"follow","max-snippet":"max-snippet:-1","max-image-preview":"max-image-preview:large","max-video-preview":"max-video-preview:-1"},"canonical":"https:\/\/ayudaestresyansiedad.com\/index.php\/politica-de-privacidad\/","og_locale":"es_ES","og_type":"article","og_title":"Pol\u00edtica de privacidad - PACO BEDMAR","og_description":"Pol\u00edtica de Privacidad Pol\u00edtica de privacidad y protecci\u00f3n de datos personales Mediante este aviso, PORTES ENTRE ASTURIAS Y MADRID SL, informa a los usuarios del &hellip;","og_url":"https:\/\/ayudaestresyansiedad.com\/index.php\/politica-de-privacidad\/","og_site_name":"PACO BEDMAR","twitter_card":"summary_large_image","twitter_site":"@BedmarCoach","twitter_misc":{"Tiempo de lectura":"12 minutos"},"schema":{"@context":"https:\/\/schema.org","@graph":[{"@type":"WebPage","@id":"https:\/\/ayudaestresyansiedad.com\/index.php\/politica-de-privacidad\/","url":"https:\/\/ayudaestresyansiedad.com\/index.php\/politica-de-privacidad\/","name":"Pol\u00edtica de privacidad - PACO BEDMAR","isPartOf":{"@id":"https:\/\/ayudaestresyansiedad.com\/#website"},"datePublished":"2022-05-30T07:23:48+00:00","breadcrumb":{"@id":"https:\/\/ayudaestresyansiedad.com\/index.php\/politica-de-privacidad\/#breadcrumb"},"inLanguage":"es","potentialAction":[{"@type":"ReadAction","target":["https:\/\/ayudaestresyansiedad.com\/index.php\/politica-de-privacidad\/"]}]},{"@type":"BreadcrumbList","@id":"https:\/\/ayudaestresyansiedad.com\/index.php\/politica-de-privacidad\/#breadcrumb","itemListElement":[{"@type":"ListItem","position":1,"name":"INICIO","item":"https:\/\/ayudaestresyansiedad.com\/"},{"@type":"ListItem","position":2,"name":"Pol\u00edtica de privacidad"}]},{"@type":"WebSite","@id":"https:\/\/ayudaestresyansiedad.com\/#website","url":"https:\/\/ayudaestresyansiedad.com\/","name":"PACO BEDMAR","description":"SUE\u00d1A, ACT\u00daA... CONSIGUE TUS OBJETIVOS","publisher":{"@id":"https:\/\/ayudaestresyansiedad.com\/#\/schema\/person\/d07ed3c273dddfd14b3d692c1b67bce1"},"alternateName":"Coaching profesional en Madrid","potentialAction":[{"@type":"SearchAction","target":{"@type":"EntryPoint","urlTemplate":"https:\/\/ayudaestresyansiedad.com\/?s={search_term_string}"},"query-input":{"@type":"PropertyValueSpecification","valueRequired":true,"valueName":"search_term_string"}}],"inLanguage":"es"},{"@type":["Person","Organization"],"@id":"https:\/\/ayudaestresyansiedad.com\/#\/schema\/person\/d07ed3c273dddfd14b3d692c1b67bce1","name":"Paco B\u00e9dmar","image":{"@type":"ImageObject","inLanguage":"es","@id":"https:\/\/ayudaestresyansiedad.com\/#\/schema\/person\/image\/","url":"https:\/\/ayudaestresyansiedad.com\/wp-content\/uploads\/2023\/03\/1658761370604.jpg","contentUrl":"https:\/\/ayudaestresyansiedad.com\/wp-content\/uploads\/2023\/03\/1658761370604.jpg","width":800,"height":800,"caption":"Paco B\u00e9dmar"},"logo":{"@id":"https:\/\/ayudaestresyansiedad.com\/#\/schema\/person\/image\/"},"sameAs":["http:\/\/ayudaestresyansiedad.com","https:\/\/www.linkedin.com\/in\/franciscobedmarcruz\/","https:\/\/x.com\/BedmarCoach","https:\/\/www.youtube.com\/channel\/UCF0wNJbFTUay-id7NfRpOPA"]}]}},"_links":{"self":[{"href":"https:\/\/ayudaestresyansiedad.com\/index.php\/wp-json\/wp\/v2\/pages\/183","targetHints":{"allow":["GET"]}}],"collection":[{"href":"https:\/\/ayudaestresyansiedad.com\/index.php\/wp-json\/wp\/v2\/pages"}],"about":[{"href":"https:\/\/ayudaestresyansiedad.com\/index.php\/wp-json\/wp\/v2\/types\/page"}],"author":[{"embeddable":true,"href":"https:\/\/ayudaestresyansiedad.com\/index.php\/wp-json\/wp\/v2\/users\/1"}],"replies":[{"embeddable":true,"href":"https:\/\/ayudaestresyansiedad.com\/index.php\/wp-json\/wp\/v2\/comments?post=183"}],"version-history":[{"count":0,"href":"https:\/\/ayudaestresyansiedad.com\/index.php\/wp-json\/wp\/v2\/pages\/183\/revisions"}],"wp:attachment":[{"href":"https:\/\/ayudaestresyansiedad.com\/index.php\/wp-json\/wp\/v2\/media?parent=183"}],"curies":[{"name":"wp","href":"https:\/\/api.w.org\/{rel}","templated":true}]}}