{"id":1656,"date":"2025-04-25T18:13:08","date_gmt":"2025-04-25T18:13:08","guid":{"rendered":"https:\/\/ayudaestresyansiedad.com\/?page_id=1656"},"modified":"2025-04-25T18:27:23","modified_gmt":"2025-04-25T18:27:23","slug":"meditaciones-guiadas","status":"publish","type":"page","link":"https:\/\/ayudaestresyansiedad.com\/index.php\/meditaciones-guiadas\/","title":{"rendered":"Meditaciones guiadas"},"content":{"rendered":"\n<p><strong>Bienvenido\/a a tu espacio de calma interior<\/strong><\/p>\n\n\n\n<p>Te invito a regalarte unos minutos de pausa.<br>Encuentra un lugar tranquilo, adopta una postura c\u00f3moda y permite que el sonido de tu respiraci\u00f3n te acompa\u00f1e.<br>Cada meditaci\u00f3n que encontrar\u00e1s aqu\u00ed ha sido creada para ayudarte a reducir el estr\u00e9s, conectar contigo mismo\/a y recuperar la serenidad.<br>Cuando est\u00e9s preparado\/a, elige la meditaci\u00f3n que m\u00e1s resuene contigo y d\u00e9jate guiar.<\/p>\n\n\n\n<p>Este es tu momento.<\/p>\n\n\n\n<div style=\"padding:56.25% 0 0 0;position:relative;\"><iframe src=\"https:\/\/player.vimeo.com\/video\/1078632673?title=0&amp;byline=0&amp;portrait=0&amp;badge=0&amp;autopause=0&amp;player_id=0&amp;app_id=58479\" frameborder=\"0\" allow=\"autoplay; fullscreen; picture-in-picture; clipboard-write; encrypted-media\" style=\"position:absolute;top:0;left:0;width:100%;height:100%;\" title=\"Meditaci\u00f3n del cuerpo\"><\/iframe><\/div><script src=\"https:\/\/player.vimeo.com\/api\/player.js\"><\/script>\n\n\n\n<hr class=\"wp-block-separator has-alpha-channel-opacity\"\/>\n\n\n\n<div style=\"padding:56.25% 0 0 0;position:relative;\"><iframe src=\"https:\/\/player.vimeo.com\/video\/1078632924?title=0&amp;byline=0&amp;portrait=0&amp;badge=0&amp;autopause=0&amp;player_id=0&amp;app_id=58479\" frameborder=\"0\" allow=\"autoplay; fullscreen; picture-in-picture; clipboard-write; encrypted-media\" style=\"position:absolute;top:0;left:0;width:100%;height:100%;\" title=\"Meditaci\u00f3n del sonido y el silencio\"><\/iframe><\/div><script src=\"https:\/\/player.vimeo.com\/api\/player.js\"><\/script>\n\n\n\n<hr class=\"wp-block-separator has-alpha-channel-opacity\"\/>\n\n\n\n<div style=\"padding:56.25% 0 0 0;position:relative;\"><iframe src=\"https:\/\/player.vimeo.com\/video\/1078633021?title=0&amp;byline=0&amp;portrait=0&amp;badge=0&amp;autopause=0&amp;player_id=0&amp;app_id=58479\" frameborder=\"0\" allow=\"autoplay; fullscreen; picture-in-picture; clipboard-write; encrypted-media\" style=\"position:absolute;top:0;left:0;width:100%;height:100%;\" title=\"Meditaci\u00f3n de la respiraci\u00f3n\"><\/iframe><\/div><script src=\"https:\/\/player.vimeo.com\/api\/player.js\"><\/script>\n\n\n\n<hr class=\"wp-block-separator has-alpha-channel-opacity\"\/>\n\n\n\n<div style=\"padding:56.25% 0 0 0;position:relative;\"><iframe src=\"https:\/\/player.vimeo.com\/video\/1078633140?title=0&amp;byline=0&amp;portrait=0&amp;badge=0&amp;autopause=0&amp;player_id=0&amp;app_id=58479\" frameborder=\"0\" allow=\"autoplay; fullscreen; picture-in-picture; clipboard-write; encrypted-media\" style=\"position:absolute;top:0;left:0;width:100%;height:100%;\" title=\"Meditaci\u00f3n de las emociones\"><\/iframe><\/div><script src=\"https:\/\/player.vimeo.com\/api\/player.js\"><\/script>\n\n\n\n<hr class=\"wp-block-separator has-alpha-channel-opacity\"\/>\n\n\n\n<div style=\"padding:56.25% 0 0 0;position:relative;\"><iframe src=\"https:\/\/player.vimeo.com\/video\/1078633238?title=0&amp;byline=0&amp;portrait=0&amp;badge=0&amp;autopause=0&amp;player_id=0&amp;app_id=58479\" frameborder=\"0\" allow=\"autoplay; fullscreen; picture-in-picture; clipboard-write; encrypted-media\" style=\"position:absolute;top:0;left:0;width:100%;height:100%;\" title=\"Meditaci\u00f3n del roble\"><\/iframe><\/div><script src=\"https:\/\/player.vimeo.com\/api\/player.js\"><\/script>\n","protected":false},"excerpt":{"rendered":"<p>Bienvenido\/a a tu espacio de calma interior Te invito a regalarte unos minutos de pausa.Encuentra un lugar tranquilo, adopta una postura c\u00f3moda y permite que &hellip; <\/p>\n","protected":false},"author":1,"featured_media":0,"parent":0,"menu_order":0,"comment_status":"closed","ping_status":"closed","template":"","meta":{"footnotes":""},"class_list":["post-1656","page","type-page","status-publish","hentry"],"yoast_head":"<!-- This site is optimized with the Yoast SEO plugin v25.0 - https:\/\/yoast.com\/wordpress\/plugins\/seo\/ -->\n<title>Meditaciones guiadas - PACO BEDMAR<\/title>\n<meta name=\"robots\" content=\"index, follow, max-snippet:-1, max-image-preview:large, max-video-preview:-1\" \/>\n<link rel=\"canonical\" href=\"https:\/\/ayudaestresyansiedad.com\/index.php\/meditaciones-guiadas\/\" \/>\n<meta property=\"og:locale\" content=\"es_ES\" \/>\n<meta property=\"og:type\" content=\"article\" \/>\n<meta property=\"og:title\" content=\"Meditaciones guiadas - PACO BEDMAR\" \/>\n<meta property=\"og:description\" content=\"Bienvenido\/a a tu espacio de calma interior Te invito a regalarte unos minutos de pausa.Encuentra un lugar tranquilo, adopta una postura c\u00f3moda y permite que &hellip;\" \/>\n<meta property=\"og:url\" content=\"https:\/\/ayudaestresyansiedad.com\/index.php\/meditaciones-guiadas\/\" \/>\n<meta property=\"og:site_name\" content=\"PACO BEDMAR\" \/>\n<meta property=\"article:modified_time\" content=\"2025-04-25T18:27:23+00:00\" \/>\n<meta name=\"twitter:card\" content=\"summary_large_image\" \/>\n<meta name=\"twitter:site\" content=\"@BedmarCoach\" \/>\n<meta name=\"twitter:label1\" content=\"Tiempo de lectura\" \/>\n\t<meta name=\"twitter:data1\" content=\"1 minuto\" \/>\n<script type=\"application\/ld+json\" class=\"yoast-schema-graph\">{\"@context\":\"https:\/\/schema.org\",\"@graph\":[{\"@type\":\"WebPage\",\"@id\":\"https:\/\/ayudaestresyansiedad.com\/index.php\/meditaciones-guiadas\/\",\"url\":\"https:\/\/ayudaestresyansiedad.com\/index.php\/meditaciones-guiadas\/\",\"name\":\"Meditaciones guiadas - PACO BEDMAR\",\"isPartOf\":{\"@id\":\"https:\/\/ayudaestresyansiedad.com\/#website\"},\"datePublished\":\"2025-04-25T18:13:08+00:00\",\"dateModified\":\"2025-04-25T18:27:23+00:00\",\"breadcrumb\":{\"@id\":\"https:\/\/ayudaestresyansiedad.com\/index.php\/meditaciones-guiadas\/#breadcrumb\"},\"inLanguage\":\"es\",\"potentialAction\":[{\"@type\":\"ReadAction\",\"target\":[\"https:\/\/ayudaestresyansiedad.com\/index.php\/meditaciones-guiadas\/\"]}]},{\"@type\":\"BreadcrumbList\",\"@id\":\"https:\/\/ayudaestresyansiedad.com\/index.php\/meditaciones-guiadas\/#breadcrumb\",\"itemListElement\":[{\"@type\":\"ListItem\",\"position\":1,\"name\":\"INICIO\",\"item\":\"https:\/\/ayudaestresyansiedad.com\/\"},{\"@type\":\"ListItem\",\"position\":2,\"name\":\"Meditaciones guiadas\"}]},{\"@type\":\"WebSite\",\"@id\":\"https:\/\/ayudaestresyansiedad.com\/#website\",\"url\":\"https:\/\/ayudaestresyansiedad.com\/\",\"name\":\"PACO BEDMAR\",\"description\":\"SUE\u00d1A, ACT\u00daA... CONSIGUE TUS OBJETIVOS\",\"publisher\":{\"@id\":\"https:\/\/ayudaestresyansiedad.com\/#\/schema\/person\/d07ed3c273dddfd14b3d692c1b67bce1\"},\"alternateName\":\"Coaching profesional en Madrid\",\"potentialAction\":[{\"@type\":\"SearchAction\",\"target\":{\"@type\":\"EntryPoint\",\"urlTemplate\":\"https:\/\/ayudaestresyansiedad.com\/?s={search_term_string}\"},\"query-input\":{\"@type\":\"PropertyValueSpecification\",\"valueRequired\":true,\"valueName\":\"search_term_string\"}}],\"inLanguage\":\"es\"},{\"@type\":[\"Person\",\"Organization\"],\"@id\":\"https:\/\/ayudaestresyansiedad.com\/#\/schema\/person\/d07ed3c273dddfd14b3d692c1b67bce1\",\"name\":\"Paco B\u00e9dmar\",\"image\":{\"@type\":\"ImageObject\",\"inLanguage\":\"es\",\"@id\":\"https:\/\/ayudaestresyansiedad.com\/#\/schema\/person\/image\/\",\"url\":\"https:\/\/ayudaestresyansiedad.com\/wp-content\/uploads\/2023\/03\/1658761370604.jpg\",\"contentUrl\":\"https:\/\/ayudaestresyansiedad.com\/wp-content\/uploads\/2023\/03\/1658761370604.jpg\",\"width\":800,\"height\":800,\"caption\":\"Paco B\u00e9dmar\"},\"logo\":{\"@id\":\"https:\/\/ayudaestresyansiedad.com\/#\/schema\/person\/image\/\"},\"sameAs\":[\"http:\/\/ayudaestresyansiedad.com\",\"https:\/\/www.linkedin.com\/in\/franciscobedmarcruz\/\",\"https:\/\/x.com\/BedmarCoach\",\"https:\/\/www.youtube.com\/channel\/UCF0wNJbFTUay-id7NfRpOPA\"]}]}<\/script>\n<!-- \/ Yoast SEO plugin. -->","yoast_head_json":{"title":"Meditaciones guiadas - PACO BEDMAR","robots":{"index":"index","follow":"follow","max-snippet":"max-snippet:-1","max-image-preview":"max-image-preview:large","max-video-preview":"max-video-preview:-1"},"canonical":"https:\/\/ayudaestresyansiedad.com\/index.php\/meditaciones-guiadas\/","og_locale":"es_ES","og_type":"article","og_title":"Meditaciones guiadas - PACO BEDMAR","og_description":"Bienvenido\/a a tu espacio de calma interior Te invito a regalarte unos minutos de pausa.Encuentra un lugar tranquilo, adopta una postura c\u00f3moda y permite que &hellip;","og_url":"https:\/\/ayudaestresyansiedad.com\/index.php\/meditaciones-guiadas\/","og_site_name":"PACO BEDMAR","article_modified_time":"2025-04-25T18:27:23+00:00","twitter_card":"summary_large_image","twitter_site":"@BedmarCoach","twitter_misc":{"Tiempo de lectura":"1 minuto"},"schema":{"@context":"https:\/\/schema.org","@graph":[{"@type":"WebPage","@id":"https:\/\/ayudaestresyansiedad.com\/index.php\/meditaciones-guiadas\/","url":"https:\/\/ayudaestresyansiedad.com\/index.php\/meditaciones-guiadas\/","name":"Meditaciones guiadas - PACO BEDMAR","isPartOf":{"@id":"https:\/\/ayudaestresyansiedad.com\/#website"},"datePublished":"2025-04-25T18:13:08+00:00","dateModified":"2025-04-25T18:27:23+00:00","breadcrumb":{"@id":"https:\/\/ayudaestresyansiedad.com\/index.php\/meditaciones-guiadas\/#breadcrumb"},"inLanguage":"es","potentialAction":[{"@type":"ReadAction","target":["https:\/\/ayudaestresyansiedad.com\/index.php\/meditaciones-guiadas\/"]}]},{"@type":"BreadcrumbList","@id":"https:\/\/ayudaestresyansiedad.com\/index.php\/meditaciones-guiadas\/#breadcrumb","itemListElement":[{"@type":"ListItem","position":1,"name":"INICIO","item":"https:\/\/ayudaestresyansiedad.com\/"},{"@type":"ListItem","position":2,"name":"Meditaciones guiadas"}]},{"@type":"WebSite","@id":"https:\/\/ayudaestresyansiedad.com\/#website","url":"https:\/\/ayudaestresyansiedad.com\/","name":"PACO BEDMAR","description":"SUE\u00d1A, ACT\u00daA... CONSIGUE TUS OBJETIVOS","publisher":{"@id":"https:\/\/ayudaestresyansiedad.com\/#\/schema\/person\/d07ed3c273dddfd14b3d692c1b67bce1"},"alternateName":"Coaching profesional en Madrid","potentialAction":[{"@type":"SearchAction","target":{"@type":"EntryPoint","urlTemplate":"https:\/\/ayudaestresyansiedad.com\/?s={search_term_string}"},"query-input":{"@type":"PropertyValueSpecification","valueRequired":true,"valueName":"search_term_string"}}],"inLanguage":"es"},{"@type":["Person","Organization"],"@id":"https:\/\/ayudaestresyansiedad.com\/#\/schema\/person\/d07ed3c273dddfd14b3d692c1b67bce1","name":"Paco B\u00e9dmar","image":{"@type":"ImageObject","inLanguage":"es","@id":"https:\/\/ayudaestresyansiedad.com\/#\/schema\/person\/image\/","url":"https:\/\/ayudaestresyansiedad.com\/wp-content\/uploads\/2023\/03\/1658761370604.jpg","contentUrl":"https:\/\/ayudaestresyansiedad.com\/wp-content\/uploads\/2023\/03\/1658761370604.jpg","width":800,"height":800,"caption":"Paco B\u00e9dmar"},"logo":{"@id":"https:\/\/ayudaestresyansiedad.com\/#\/schema\/person\/image\/"},"sameAs":["http:\/\/ayudaestresyansiedad.com","https:\/\/www.linkedin.com\/in\/franciscobedmarcruz\/","https:\/\/x.com\/BedmarCoach","https:\/\/www.youtube.com\/channel\/UCF0wNJbFTUay-id7NfRpOPA"]}]}},"_links":{"self":[{"href":"https:\/\/ayudaestresyansiedad.com\/index.php\/wp-json\/wp\/v2\/pages\/1656","targetHints":{"allow":["GET"]}}],"collection":[{"href":"https:\/\/ayudaestresyansiedad.com\/index.php\/wp-json\/wp\/v2\/pages"}],"about":[{"href":"https:\/\/ayudaestresyansiedad.com\/index.php\/wp-json\/wp\/v2\/types\/page"}],"author":[{"embeddable":true,"href":"https:\/\/ayudaestresyansiedad.com\/index.php\/wp-json\/wp\/v2\/users\/1"}],"replies":[{"embeddable":true,"href":"https:\/\/ayudaestresyansiedad.com\/index.php\/wp-json\/wp\/v2\/comments?post=1656"}],"version-history":[{"count":3,"href":"https:\/\/ayudaestresyansiedad.com\/index.php\/wp-json\/wp\/v2\/pages\/1656\/revisions"}],"predecessor-version":[{"id":1664,"href":"https:\/\/ayudaestresyansiedad.com\/index.php\/wp-json\/wp\/v2\/pages\/1656\/revisions\/1664"}],"wp:attachment":[{"href":"https:\/\/ayudaestresyansiedad.com\/index.php\/wp-json\/wp\/v2\/media?parent=1656"}],"curies":[{"name":"wp","href":"https:\/\/api.w.org\/{rel}","templated":true}]}}